{"id":171,"date":"2026-04-06T11:48:13","date_gmt":"2026-04-06T11:48:13","guid":{"rendered":"https:\/\/mybiolab.comma3.com\/?page_id=171"},"modified":"2026-04-06T16:14:10","modified_gmt":"2026-04-06T16:14:10","slug":"indagini-preconcezionali-e-test-prenatali","status":"publish","type":"page","link":"https:\/\/mybiolab.comma3.com\/index.php\/indagini-preconcezionali-e-test-prenatali\/","title":{"rendered":"Indagini preconcezionali e test prenatali"},"content":{"rendered":"<div class=\"et_pb_section_0 et_pb_section et_section_regular et_flex_section\">\n<div class=\"et_pb_row_0 et_pb_row et_flex_row\">\n<div class=\"et_pb_column_0 et_pb_column et-last-child et_flex_column et_pb_css_mix_blend_mode_passthrough et_flex_column_24_24 et_flex_column_24_24_tablet et_flex_column_24_24_phone\">\n<div class=\"et_pb_text_0 et_pb_text et_pb_bg_layout_light et_pb_module et_flex_module\"><div class=\"et_pb_text_inner\"><p>Indagini preconcezionali e test prenatali<\/p>\n<\/div><\/div>\n<\/div>\n<\/div>\n<\/div>\n\n<div class=\"et_pb_section_1 et_pb_section et_section_regular et_flex_section\">\n<div class=\"et_pb_row_1 et_pb_row et_flex_row\">\n<div class=\"et_pb_column_1 et_pb_column et-last-child et_flex_column et_pb_css_mix_blend_mode_passthrough et_flex_column_24_24 et_flex_column_24_24_tablet et_flex_column_24_24_phone\">\n<div class=\"et_pb_text_1 et_pb_text et_pb_bg_layout_light et_pb_module et_flex_module\"><div class=\"et_pb_text_inner\"><p data-start=\"46\" data-end=\"103\">Test genetici: pianificare la famiglia e monitorare la gravidanza<\/p>\n<\/div><\/div>\n\n<div class=\"et_pb_text_2 et_pb_text et_pb_bg_layout_light et_pb_module et_flex_module\"><div class=\"et_pb_text_inner\"><p data-start=\"117\" data-end=\"409\">La pianificazione familiare oggi pu\u00f2 avvalersi di importanti strumenti diagnostici. Presso <strong data-start=\"208\" data-end=\"228\">My Biolab a Bari<\/strong> offriamo <strong data-start=\"238\" data-end=\"271\">test genetici preconcezionali<\/strong> per le coppie che desiderano conoscere il proprio rischio abortivo e la possibilit\u00e0 di trasmissione di <strong data-start=\"375\" data-end=\"408\">malattie genetiche ereditarie<\/strong>.<\/p>\n<p data-start=\"411\" data-end=\"697\">Queste <strong data-start=\"418\" data-end=\"440\">indagini genetiche<\/strong> forniscono informazioni cruciali per compiere <strong data-start=\"487\" data-end=\"509\">scelte consapevoli<\/strong>. Affianchiamo a questi approfondimenti anche <strong data-start=\"555\" data-end=\"573\">test prenatali<\/strong> volti a monitorare lo stato di salute del feto durante la gravidanza, come il <strong data-start=\"652\" data-end=\"663\">Bi-test<\/strong> e test di screening pi\u00f9 avanzati.<\/p>\n<p data-start=\"699\" data-end=\"1007\">Tra i principali <strong data-start=\"716\" data-end=\"740\">test preconcezionali<\/strong> eseguiamo, per l'uomo e per la donna, quelli relativi alla <strong data-start=\"800\" data-end=\"819\">Fibrosi Cistica<\/strong> e al <strong data-start=\"825\" data-end=\"838\">Cariotipo<\/strong>. Inoltre per l'uomo eseguiamo quello relativo alla <strong data-start=\"890\" data-end=\"924\">Microdelezione del cromosoma Y<\/strong> e per la donna eseguiamo quello relativo all'<strong data-start=\"970\" data-end=\"1006\">Analisi del rischio trombofilico<\/strong>.<\/p>\n<p data-start=\"1009\" data-end=\"1137\">Resta inteso che eseguiamo anche tutta una serie di <strong data-start=\"1061\" data-end=\"1091\">altri test preconcezionali<\/strong> a seconda delle esigenze dei nostri pazienti.<\/p>\n<p data-start=\"1139\" data-end=\"1229\">Per valutare lo stato della fertilit\u00e0 maschile \u00e8 inoltre disponibile lo <strong data-start=\"1211\" data-end=\"1228\">spermiogramma<\/strong>.<\/p>\n<p data-start=\"1231\" data-end=\"1305\"><strong data-start=\"1231\" data-end=\"1305\">Consulta il blog per scoprire come prepararsi correttamente all'esame.<\/strong><\/p>\n<p data-start=\"1307\" data-end=\"1561\" data-is-last-node=\"\" data-is-only-node=\"\">Dal <strong data-start=\"1311\" data-end=\"1337\">sequenziamento del DNA<\/strong> a screening genetici specifici come il <strong data-start=\"1377\" data-end=\"1387\">G-Test<\/strong>, il nostro <strong data-start=\"1399\" data-end=\"1429\">laboratorio analisi a Bari<\/strong> mette a disposizione <strong data-start=\"1451\" data-end=\"1481\">tecnologie all'avanguardia<\/strong> per una diagnostica genetica preconcezionale e prenatale completa e affidabile.<\/p>\n<\/div><\/div>\n<\/div>\n<\/div>\n<\/div>\n\n<div class=\"et_pb_section_2 et_pb_section et_section_regular et_flex_section\">\n<div class=\"et_pb_row_2 et_pb_row et_flex_row\">\n<div class=\"et_pb_column_2 et_pb_column et_flex_column et_pb_column_empty et_pb_css_mix_blend_mode_passthrough et_flex_column_8_24 et_flex_column_8_24_tablet et_flex_column_24_24_phone\"><\/div>\n\n<div class=\"et_pb_column_3 et_pb_column et-last-child et_flex_column et_pb_css_mix_blend_mode_passthrough et_flex_column_16_24 et_flex_column_16_24_tablet et_flex_column_24_24_phone\">\n<div class=\"et_pb_text_3 et_pb_text et_pb_bg_layout_light et_pb_module et_flex_module\"><div class=\"et_pb_text_inner\"><p data-start=\"46\" data-end=\"68\"><strong data-start=\"46\" data-end=\"69\">Fertilit\u00e0 di coppia<\/strong><\/p>\n<\/div><\/div>\n\n<div class=\"et_pb_text_4 et_pb_text et_pb_bg_layout_light et_pb_module et_flex_module\"><div class=\"et_pb_text_inner\"><p data-start=\"46\" data-end=\"120\">Indagini specifiche nel rispetto della privacy<\/p>\n<\/div><\/div>\n\n<div class=\"et_pb_text_5 et_pb_text et_pb_bg_layout_light et_pb_module et_flex_module\"><div class=\"et_pb_text_inner\"><p data-start=\"122\" data-end=\"429\">La ricerca di una gravidanza \u00e8 un percorso importante e talvolta complesso. Fattori ambientali, abitudini di vita e l'et\u00e0 sempre pi\u00f9 avanzata delle coppie possono influire sulla <strong data-start=\"300\" data-end=\"313\">fertilit\u00e0<\/strong>. Se state cercando risposte, <strong data-start=\"343\" data-end=\"363\">My Biolab a Bari<\/strong> vi accompagna con <strong data-start=\"382\" data-end=\"428\">esami specifici per la fertilit\u00e0 di coppia<\/strong>.<\/p>\n<p data-start=\"431\" data-end=\"921\" data-is-last-node=\"\" data-is-only-node=\"\">Comprendiamo la delicatezza di questo cammino e garantiamo la massima <strong data-start=\"501\" data-end=\"527\">riservatezza e privacy<\/strong> in ogni fase. Il nostro <strong data-start=\"552\" data-end=\"582\">laboratorio analisi a Bari<\/strong> \u00e8 specializzato nel management delle coppie con difficolt\u00e0, effettuando <strong data-start=\"655\" data-end=\"680\">indagini diagnostiche<\/strong> altamente specifiche come l'analisi del <strong data-start=\"721\" data-end=\"734\">cariotipo<\/strong>, la ricerca della <strong data-start=\"753\" data-end=\"772\">fibrosi cistica<\/strong>, lo studio del <strong data-start=\"788\" data-end=\"812\">rischio trombofilico<\/strong>, la ricerca di <strong data-start=\"828\" data-end=\"862\">microdelezione del cromosoma Y<\/strong> e lo <strong data-start=\"868\" data-end=\"885\">spermiogramma<\/strong>, supportandovi con professionalit\u00e0.<\/p>\n<\/div><\/div>\n\n<div class=\"et_pb_module et_pb_button_module_wrapper et_pb_button_0_wrapper preset--group--divi-button--divi-button--g4cuj7jj1w_wrapper\"><a class=\"et_pb_button_0 et_pb_button et_pb_bg_layout_light et_pb_module et_flex_module preset--group--divi-button--divi-button--g4cuj7jj1w\" href=\"\">consulta l blog per la preparazione all&#039;esame<\/a><\/div>\n<\/div>\n<\/div>\n<\/div>\n\n<div class=\"et_pb_section_3 et_pb_section et_section_regular et_flex_section\">\n<div class=\"et_pb_row_3 et_pb_row et_flex_row\">\n<div class=\"et_pb_column_4 et_pb_column et_flex_column et_pb_css_mix_blend_mode_passthrough et_flex_column_16_24 et_flex_column_16_24_tablet et_flex_column_24_24_phone\">\n<div class=\"et_pb_text_6 et_pb_text et_pb_bg_layout_light et_pb_module et_flex_module\"><div class=\"et_pb_text_inner\"><p data-start=\"46\" data-end=\"68\"><strong data-start=\"46\" data-end=\"84\">G-Test: screening prenatale sicuro<\/strong><\/p>\n<\/div><\/div>\n\n<div class=\"et_pb_text_7 et_pb_text et_pb_bg_layout_light et_pb_module et_flex_module\"><div class=\"et_pb_text_inner\"><p data-start=\"46\" data-end=\"129\">Analisi del DNA fetale da sangue materno<\/p>\n<p data-start=\"131\" data-end=\"309\">\n<\/div><\/div>\n\n<div class=\"et_pb_text_8 et_pb_text et_pb_bg_layout_light et_pb_module et_flex_module\"><div class=\"et_pb_text_inner\"><p data-start=\"131\" data-end=\"309\">Il <strong data-start=\"134\" data-end=\"144\">G-Test<\/strong>, disponibile presso <strong data-start=\"165\" data-end=\"185\">My Biolab a Bari<\/strong>, \u00e8 un innovativo <strong data-start=\"203\" data-end=\"239\">screening prenatale non invasivo<\/strong> basato sull'analisi del <strong data-start=\"264\" data-end=\"278\">DNA fetale<\/strong> circolante nel sangue materno.<\/p>\n<p data-start=\"311\" data-end=\"646\">Questo test permette una valutazione affidabile del rischio relativo alle principali <strong data-start=\"396\" data-end=\"421\">anomalie cromosomiche<\/strong> (come le trisomie, ad esempio la Sindrome di Down). Poich\u00e9 si esegue su un semplice campione di <strong data-start=\"518\" data-end=\"536\">sangue materno<\/strong>, il <strong data-start=\"541\" data-end=\"551\">G-Test<\/strong> \u00e8 completamente <strong data-start=\"568\" data-end=\"578\">sicuro<\/strong> e non comporta <strong data-start=\"594\" data-end=\"623\">alcun rischio per il feto<\/strong> o per la futura mamma.<\/p>\n<p data-start=\"648\" data-end=\"836\" data-is-last-node=\"\" data-is-only-node=\"\">Offre la possibilit\u00e0 di valutare molto precocemente, gi\u00e0 a partire dalla <strong data-start=\"721\" data-end=\"755\">decima settimana di gravidanza<\/strong>, il rischio che il bambino possa essere affetto da una <strong data-start=\"811\" data-end=\"835\">malattia cromosomica<\/strong>.<\/p>\n<\/div><\/div>\n<\/div>\n\n<div class=\"et_pb_column_5 et_pb_column et-last-child et_flex_column et_pb_column_empty et_pb_css_mix_blend_mode_passthrough et_flex_column_8_24 et_flex_column_8_24_tablet et_flex_column_24_24_phone\"><\/div>\n<\/div>\n<\/div>\n\n<div class=\"et_pb_section_4 et_pb_section et_section_regular et_flex_section et_pb_section_parallax\"><span class=\"et-pb-parallax-wrapper\"><span class=\"et-pb-parallax-background et-pb-parallax-background-module--divi-section-4\" style=\"background-image:url(https:\/\/mybiolab.comma3.com\/wp-content\/uploads\/2026\/04\/cropped_RS_4268_laboratorio_analisi_Adobe_Stock_642221151_1_c1ffbfad9f-scaled.webp)\"><\/span><\/span>\n<div class=\"et_pb_row_4 et_pb_row et_flex_row\">\n<div class=\"et_pb_column_6 et_pb_column et-last-child et_flex_column et_pb_css_mix_blend_mode_passthrough et_flex_column_12_24 et_flex_column_12_24_tablet et_flex_column_24_24_phone\">\n<div class=\"et_pb_text_9 et_pb_text et_pb_bg_layout_light et_pb_module et_flex_module\"><div class=\"et_pb_text_inner\"><p>Chiama My Biolab<\/p>\n<\/div><\/div>\n\n<div class=\"et_pb_text_10 et_pb_text et_pb_bg_layout_light et_pb_module et_flex_module\"><div class=\"et_pb_text_inner\"><p>Prenditi cura di te. Prenota le tue analisi<\/p>\n<\/div><\/div>\n\n<div class=\"et_pb_module et_pb_button_module_wrapper et_pb_button_1_wrapper preset--group--divi-button--divi-button--g4cuj7jj1w_wrapper\"><a class=\"et_pb_button_1 et_pb_button et_pb_bg_layout_light et_pb_module et_flex_module preset--group--divi-button--divi-button--g4cuj7jj1w\" href=\"\">prenota un appuntamento<\/a><\/div>\n<\/div>\n<\/div>\n<\/div>","protected":false},"excerpt":{"rendered":"","protected":false},"author":2,"featured_media":0,"parent":0,"menu_order":0,"comment_status":"closed","ping_status":"closed","template":"","meta":{"footnotes":""},"class_list":["post-171","page","type-page","status-publish","hentry"],"_links":{"self":[{"href":"https:\/\/mybiolab.comma3.com\/index.php\/wp-json\/wp\/v2\/pages\/171","targetHints":{"allow":["GET"]}}],"collection":[{"href":"https:\/\/mybiolab.comma3.com\/index.php\/wp-json\/wp\/v2\/pages"}],"about":[{"href":"https:\/\/mybiolab.comma3.com\/index.php\/wp-json\/wp\/v2\/types\/page"}],"author":[{"embeddable":true,"href":"https:\/\/mybiolab.comma3.com\/index.php\/wp-json\/wp\/v2\/users\/2"}],"replies":[{"embeddable":true,"href":"https:\/\/mybiolab.comma3.com\/index.php\/wp-json\/wp\/v2\/comments?post=171"}],"version-history":[{"count":3,"href":"https:\/\/mybiolab.comma3.com\/index.php\/wp-json\/wp\/v2\/pages\/171\/revisions"}],"predecessor-version":[{"id":178,"href":"https:\/\/mybiolab.comma3.com\/index.php\/wp-json\/wp\/v2\/pages\/171\/revisions\/178"}],"wp:attachment":[{"href":"https:\/\/mybiolab.comma3.com\/index.php\/wp-json\/wp\/v2\/media?parent=171"}],"curies":[{"name":"wp","href":"https:\/\/api.w.org\/{rel}","templated":true}]}}