{"id":114,"date":"2026-04-06T08:53:43","date_gmt":"2026-04-06T08:53:43","guid":{"rendered":"https:\/\/mybiolab.comma3.com\/index.php\/laboratorio\/"},"modified":"2026-04-06T10:07:21","modified_gmt":"2026-04-06T10:07:21","slug":"laboratorio","status":"publish","type":"page","link":"https:\/\/mybiolab.comma3.com\/index.php\/laboratorio\/","title":{"rendered":"Laboratorio"},"content":{"rendered":"<div class=\"et_pb_section_0 et_pb_section et_section_regular et_flex_section\">\n<div class=\"et_pb_row_0 et_pb_row et_flex_row\">\n<div class=\"et_pb_column_0 et_pb_column et-last-child et_flex_column et_pb_css_mix_blend_mode_passthrough et_flex_column_12_24 et_flex_column_12_24_tablet et_flex_column_24_24_phone\">\n<div class=\"et_pb_text_0 et_pb_text et_pb_bg_layout_light et_pb_module et_flex_module\"><div class=\"et_pb_text_inner\"><p>Laboratorio<\/p>\n<\/div><\/div>\n<\/div>\n<\/div>\n<\/div>\n\n<div class=\"et_pb_section_1 et_pb_section et_section_regular et_flex_section\">\n<div class=\"et_pb_row_1 et_pb_row et_flex_row\">\n<div class=\"et_pb_column_1 et_pb_column et_flex_column et_pb_css_mix_blend_mode_passthrough et_flex_column_8_24 et_flex_column_8_24_tablet et_flex_column_24_24_phone\">\n<div class=\"et_pb_text_1 et_pb_text et_pb_bg_layout_light et_pb_module et_flex_module\"><div class=\"et_pb_text_inner\"><p><strong data-start=\"46\" data-end=\"74\">Il Laboratorio<br \/>My Biolab<\/strong><\/p>\n<\/div><\/div>\n\n<div class=\"et_pb_text_2 et_pb_text et_pb_bg_layout_light et_pb_module et_flex_module\"><div class=\"et_pb_text_inner\"><p data-start=\"46\" data-end=\"98\"><em data-start=\"77\" data-end=\"98\">La nostra filosofia<\/em><\/p>\n<p data-start=\"100\" data-end=\"397\">\n<\/div><\/div>\n\n<div class=\"et_pb_text_3 et_pb_text et_pb_bg_layout_light et_pb_module et_flex_module\"><div class=\"et_pb_text_inner\"><p data-start=\"100\" data-end=\"397\">Il <strong data-start=\"103\" data-end=\"143\">laboratorio analisi My Biolab a Bari<\/strong>, guidato dalla Dott.ssa Satalino, nasce per offrire un <strong data-start=\"199\" data-end=\"220\">servizio completo<\/strong> ed efficiente. La nostra missione si fonda su <strong data-start=\"267\" data-end=\"306\">professionalit\u00e0, fiducia ed empatia<\/strong>. Crediamo nell'ascolto e nell'assistenza <strong data-start=\"348\" data-end=\"366\">personalizzata<\/strong>: per noi ogni cliente \u00e8 unico.<\/p>\n<p data-start=\"399\" data-end=\"605\" data-is-last-node=\"\" data-is-only-node=\"\">Offriamo un servizio <strong data-start=\"420\" data-end=\"434\">affidabile<\/strong>, serio e di alto livello, curando <strong data-start=\"469\" data-end=\"495\">l'accoglienza cordiale<\/strong> in un <strong data-start=\"502\" data-end=\"527\">ambiente confortevole<\/strong>, mettendo sempre le vostre esigenze al primo posto nel nostro centro analisi.<\/p>\n<\/div><\/div>\n<\/div>\n\n<div class=\"et_pb_column_2 et_pb_column et_flex_column et_pb_css_mix_blend_mode_passthrough et_flex_column_8_24 et_flex_column_8_24_tablet et_flex_column_24_24_phone\">\n<div class=\"et_pb_image_0 et_pb_image et_pb_module et_flex_module divi-engine-service-image2\"><span class=\"et_pb_image_wrap\"><img loading=\"lazy\" decoding=\"async\" src=\"https:\/\/mybiolab.comma3.com\/wp-content\/uploads\/2026\/04\/hmrsavs9_fw_35bab15e2c-1.webp\" title=\"hmrsavs9_fw_35bab15e2c\" width=\"600\" height=\"337\" srcset=\"https:\/\/mybiolab.comma3.com\/wp-content\/uploads\/2026\/04\/hmrsavs9_fw_35bab15e2c-1.webp 600w, https:\/\/mybiolab.comma3.com\/wp-content\/uploads\/2026\/04\/hmrsavs9_fw_35bab15e2c-1-480x270.webp 480w\" sizes=\"(min-width: 0px) and (max-width: 480px) 480px, (min-width: 481px) 600px, 100vw\" class=\"wp-image-117\" \/><\/span><\/div>\n<\/div>\n\n<div class=\"et_pb_column_3 et_pb_column et-last-child et_flex_column et_pb_css_mix_blend_mode_passthrough et_flex_column_8_24 et_flex_column_8_24_tablet et_flex_column_24_24_phone\">\n<div class=\"et_pb_image_1 et_pb_image et_pb_module et_flex_module divi-engine-service-image2\"><span class=\"et_pb_image_wrap\"><img loading=\"lazy\" decoding=\"async\" src=\"https:\/\/mybiolab.comma3.com\/wp-content\/uploads\/2026\/04\/DSC_06673_99d0c5e4f8.webp\" width=\"600\" height=\"337\" srcset=\"https:\/\/mybiolab.comma3.com\/wp-content\/uploads\/2026\/04\/DSC_06673_99d0c5e4f8.webp 600w, https:\/\/mybiolab.comma3.com\/wp-content\/uploads\/2026\/04\/DSC_06673_99d0c5e4f8-480x270.webp 480w\" sizes=\"(min-width: 0px) and (max-width: 480px) 480px, (min-width: 481px) 600px, 100vw\" class=\"wp-image-116\" title=\"DSC_06673_99d0c5e4f8\" \/><\/span><\/div>\n<\/div>\n<\/div>\n<\/div>\n\n<div class=\"et_pb_section_2 et_pb_section et_section_regular et_flex_section\">\n<div class=\"et_pb_row_2 et_pb_row et_flex_row\">\n<div class=\"et_pb_column_4 et_pb_column et_flex_column et_pb_css_mix_blend_mode_passthrough et_flex_column_8_24 et_flex_column_8_24_tablet et_flex_column_24_24_phone\">\n<div class=\"et_pb_group_0 et_pb_group et-last-child et_pb_module et_flex_group et_pb_css_mix_blend_mode_passthrough\">\n<div class=\"et_pb_image_2 et_pb_image et_pb_module et_flex_module\"><span class=\"et_pb_image_wrap\"><img loading=\"lazy\" decoding=\"async\" src=\"https:\/\/mybiolab.comma3.com\/wp-content\/uploads\/2026\/04\/fase-analitica.svg\" title=\"fase-analitica\" width=\"45\" height=\"45\" srcset=\"https:\/\/mybiolab.comma3.com\/wp-content\/uploads\/2026\/04\/fase-analitica.svg 45w\" class=\"wp-image-126\" \/><\/span><\/div>\n\n<div class=\"et_pb_group_1 et_pb_group et-last-child et_pb_module et_flex_group et_pb_css_mix_blend_mode_passthrough\">\n<div class=\"et_pb_text_4 et_pb_text et_pb_bg_layout_light et_pb_module et_flex_module\"><div class=\"et_pb_text_inner\"><p><strong data-start=\"46\" data-end=\"64\">Fase analitica<\/strong><\/p>\n<\/div><\/div>\n\n<div class=\"et_pb_text_5 et_pb_text et_pb_bg_layout_light et_pb_module et_flex_module\"><div class=\"et_pb_text_inner\"><p>La fase analitica \u00e8 gestita con massima professionalit\u00e0 ed efficienza per garantire analisi precise e risultati affidabili nel nostro laboratorio a Bari.<\/p>\n<\/div><\/div>\n<\/div>\n<\/div>\n<\/div>\n\n<div class=\"et_pb_column_5 et_pb_column et_flex_column et_pb_css_mix_blend_mode_passthrough et_flex_column_8_24 et_flex_column_8_24_tablet et_flex_column_24_24_phone\">\n<div class=\"et_pb_group_2 et_pb_group et-last-child et_pb_module et_flex_group et_pb_css_mix_blend_mode_passthrough\">\n<div class=\"et_pb_image_3 et_pb_image et_pb_module et_flex_module\"><span class=\"et_pb_image_wrap\"><img loading=\"lazy\" decoding=\"async\" src=\"https:\/\/mybiolab.comma3.com\/wp-content\/uploads\/2026\/04\/controllo-qualita.svg\" title=\"fase-analitica\" width=\"45\" height=\"45\" srcset=\"https:\/\/mybiolab.comma3.com\/wp-content\/uploads\/2026\/04\/controllo-qualita.svg 45w\" class=\"wp-image-127\" \/><\/span><\/div>\n\n<div class=\"et_pb_group_3 et_pb_group et-last-child et_pb_module et_flex_group et_pb_css_mix_blend_mode_passthrough\">\n<div class=\"et_pb_text_6 et_pb_text et_pb_bg_layout_light et_pb_module et_flex_module\"><div class=\"et_pb_text_inner\"><p><strong data-start=\"46\" data-end=\"64\">Controllo Qualit\u00e0<\/strong><\/p>\n<\/div><\/div>\n\n<div class=\"et_pb_text_7 et_pb_text et_pb_bg_layout_light et_pb_module et_flex_module\"><div class=\"et_pb_text_inner\"><p>Il nostro impegno per un servizio elevato include un attento controllo qualit\u00e0 interno, assicurando analisi affidabili a Bari grazie alla nostra professionalit\u00e0.<\/p>\n<\/div><\/div>\n<\/div>\n<\/div>\n<\/div>\n\n<div class=\"et_pb_column_6 et_pb_column et-last-child et_flex_column et_pb_css_mix_blend_mode_passthrough et_flex_column_8_24 et_flex_column_8_24_tablet et_flex_column_24_24_phone\">\n<div class=\"et_pb_group_4 et_pb_group et-last-child et_pb_module et_flex_group et_pb_css_mix_blend_mode_passthrough\">\n<div class=\"et_pb_image_4 et_pb_image et_pb_module et_flex_module\"><span class=\"et_pb_image_wrap\"><img loading=\"lazy\" decoding=\"async\" src=\"https:\/\/mybiolab.comma3.com\/wp-content\/uploads\/2026\/04\/refertazione.svg\" title=\"fase-analitica\" width=\"45\" height=\"45\" srcset=\"https:\/\/mybiolab.comma3.com\/wp-content\/uploads\/2026\/04\/refertazione.svg 45w\" class=\"wp-image-129\" \/><\/span><\/div>\n\n<div class=\"et_pb_group_5 et_pb_group et-last-child et_pb_module et_flex_group et_pb_css_mix_blend_mode_passthrough\">\n<div class=\"et_pb_text_8 et_pb_text et_pb_bg_layout_light et_pb_module et_flex_module\"><div class=\"et_pb_text_inner\"><p><strong data-start=\"46\" data-end=\"64\">Refertazione<\/strong><\/p>\n<\/div><\/div>\n\n<div class=\"et_pb_text_9 et_pb_text et_pb_bg_layout_light et_pb_module et_flex_module\"><div class=\"et_pb_text_inner\"><p>La refertazione delle analisi \u00e8 rapida e chiara. Forniamo risultati comprensibili e il supporto necessario, parte del nostro servizio efficiente a Bari.<\/p>\n<\/div><\/div>\n<\/div>\n<\/div>\n<\/div>\n<\/div>\n<\/div>\n\n<div class=\"et_pb_section_3 et_pb_section et_section_regular et_flex_section\">\n<div class=\"et_pb_row_3 et_pb_row et_flex_row\">\n<div class=\"et_pb_column_7 et_pb_column et_flex_column et_pb_column_empty et_pb_css_mix_blend_mode_passthrough et_flex_column_12_24 et_flex_column_12_24_tablet et_flex_column_24_24_phone\"><\/div>\n\n<div class=\"et_pb_column_8 et_pb_column et-last-child et_flex_column et_pb_css_mix_blend_mode_passthrough et_flex_column_12_24 et_flex_column_12_24_tablet et_flex_column_24_24_phone\">\n<div class=\"et_pb_text_10 et_pb_text et_pb_bg_layout_light et_pb_module et_flex_module\"><div class=\"et_pb_text_inner\"><p><strong data-start=\"46\" data-end=\"94\">Il vostro laboratorio di fiducia<br data-start=\"82\" data-end=\"85\" \/><\/strong><\/p>\n<\/div><\/div>\n\n<div class=\"et_pb_text_11 et_pb_text et_pb_bg_layout_light et_pb_module et_flex_module\"><div class=\"et_pb_text_inner\"><p data-start=\"46\" data-end=\"132\">Professionalit\u00e0 ed empatia al vostro servizio<\/p>\n<p data-start=\"134\" data-end=\"445\">\n<\/div><\/div>\n\n<div class=\"et_pb_text_12 et_pb_text et_pb_bg_layout_light et_pb_module et_flex_module\"><div class=\"et_pb_text_inner\"><p data-start=\"134\" data-end=\"445\">Scegliere <strong data-start=\"144\" data-end=\"164\">My Biolab a Bari<\/strong> significa affidarsi a un team che mette <strong data-start=\"205\" data-end=\"244\">professionalit\u00e0, fiducia ed empatia<\/strong> al primo posto. Dalla <strong data-start=\"267\" data-end=\"293\">precisa fase analitica<\/strong>, sostenuta da un rigoroso <strong data-start=\"320\" data-end=\"341\">controllo qualit\u00e0<\/strong>, fino alla <strong data-start=\"353\" data-end=\"376\">refertazione chiara<\/strong> e al supporto dedicato, ogni passaggio \u00e8 curato nei minimi dettagli.<\/p>\n<p data-start=\"447\" data-end=\"692\" data-is-last-node=\"\" data-is-only-node=\"\">Affidatevi alla competenza della Dott.ssa Satalino per ricevere analisi affidabili e un <strong data-start=\"535\" data-end=\"562\">servizio personalizzato<\/strong>. L'atmosfera accogliente e distesa che troverete \u00e8 pensata per offrirvi un'esperienza in cui la vostra individualit\u00e0 \u00e8 al centro.<\/p>\n<\/div><\/div>\n<\/div>\n<\/div>\n<\/div>\n\n<div class=\"et_pb_section_4 et_pb_section et_section_regular et_flex_section et_pb_section_parallax\"><span class=\"et-pb-parallax-wrapper\"><span class=\"et-pb-parallax-background et-pb-parallax-background-module--divi-section-4\" style=\"background-image:url(https:\/\/mybiolab.comma3.com\/wp-content\/uploads\/2026\/04\/cropped_RS_79548_Adobe_Stock_265080298_e9804abc4b-scaled.webp)\"><\/span><\/span>\n<div class=\"et_pb_row_4 et_pb_row et_flex_row\">\n<div class=\"et_pb_column_9 et_pb_column et-last-child et_flex_column et_pb_css_mix_blend_mode_passthrough et_flex_column_24_24 et_flex_column_24_24_tablet et_flex_column_24_24_phone\">\n<div class=\"et_pb_text_13 et_pb_text et_pb_bg_layout_light et_pb_module et_flex_module\"><div class=\"et_pb_text_inner\"><p><strong data-start=\"46\" data-end=\"82\">Prenota ora il tuo appuntamento!<\/strong><\/p>\n<\/div><\/div>\n\n<div class=\"et_pb_text_14 et_pb_text et_pb_bg_layout_light et_pb_module et_flex_module\"><div class=\"et_pb_text_inner\"><p>Il team di My Biolab \u00e8 pronto ad aiutarti.<\/p>\n<\/div><\/div>\n\n<div class=\"et_pb_text_15 et_pb_text et_pb_bg_layout_light et_pb_module et_flex_module\"><div class=\"et_pb_text_inner\"><p data-start=\"129\" data-end=\"511\">Pianifica comodamente le tue <strong data-start=\"158\" data-end=\"185\">analisi cliniche a Bari<\/strong> presso My Biolab. Siamo aperti dal luned\u00ec al venerd\u00ec (7:20-10:00 \/ 16:00-19:00) e il sabato (7:20-10:00), <strong data-start=\"292\" data-end=\"318\">sempre su prenotazione<\/strong>. Il nostro <strong data-start=\"330\" data-end=\"353\">laboratorio analisi<\/strong> \u00e8 facilmente raggiungibile dalle province di <strong data-start=\"399\" data-end=\"420\">Foggia e Brindisi<\/strong>. Garantiamo inoltre i <strong data-start=\"443\" data-end=\"467\">prelievi pomeridiani<\/strong>, se previsti da richiesta medica specifica.<\/p>\n<p data-start=\"513\" data-end=\"769\" data-is-last-node=\"\" data-is-only-node=\"\">Per venire incontro alle vostre esigenze, My Biolab effettua <strong data-start=\"574\" data-end=\"598\">prelievi a domicilio<\/strong>. Se non potete raggiungerci in sede, la nostra professionalit\u00e0 arriva direttamente da voi. Chiamate lo <strong data-start=\"702\" data-end=\"719\">080 552 53 46<\/strong> in orario di apertura per fissare l'appuntamento.<\/p>\n<\/div><\/div>\n\n<div class=\"et_pb_module et_pb_button_module_wrapper et_pb_button_0_wrapper preset--group--divi-button--divi-button--g4cuj7jj1w_wrapper\"><a class=\"et_pb_button_0 et_pb_button et_pb_bg_layout_light et_pb_module et_flex_module preset--group--divi-button--divi-button--g4cuj7jj1w\" href=\"\">prenota un appuntamento<\/a><\/div>\n<\/div>\n<\/div>\n<\/div>","protected":false},"excerpt":{"rendered":"","protected":false},"author":2,"featured_media":0,"parent":0,"menu_order":0,"comment_status":"closed","ping_status":"closed","template":"","meta":{"footnotes":""},"class_list":["post-114","page","type-page","status-publish","hentry"],"_links":{"self":[{"href":"https:\/\/mybiolab.comma3.com\/index.php\/wp-json\/wp\/v2\/pages\/114","targetHints":{"allow":["GET"]}}],"collection":[{"href":"https:\/\/mybiolab.comma3.com\/index.php\/wp-json\/wp\/v2\/pages"}],"about":[{"href":"https:\/\/mybiolab.comma3.com\/index.php\/wp-json\/wp\/v2\/types\/page"}],"author":[{"embeddable":true,"href":"https:\/\/mybiolab.comma3.com\/index.php\/wp-json\/wp\/v2\/users\/2"}],"replies":[{"embeddable":true,"href":"https:\/\/mybiolab.comma3.com\/index.php\/wp-json\/wp\/v2\/comments?post=114"}],"version-history":[{"count":10,"href":"https:\/\/mybiolab.comma3.com\/index.php\/wp-json\/wp\/v2\/pages\/114\/revisions"}],"predecessor-version":[{"id":137,"href":"https:\/\/mybiolab.comma3.com\/index.php\/wp-json\/wp\/v2\/pages\/114\/revisions\/137"}],"wp:attachment":[{"href":"https:\/\/mybiolab.comma3.com\/index.php\/wp-json\/wp\/v2\/media?parent=114"}],"curies":[{"name":"wp","href":"https:\/\/api.w.org\/{rel}","templated":true}]}}